{"id":93,"date":"2026-01-13T11:53:49","date_gmt":"2026-01-13T10:53:49","guid":{"rendered":"https:\/\/maths.univ-amu.fr\/licence-maths\/?page_id=93"},"modified":"2026-01-19T08:47:17","modified_gmt":"2026-01-19T07:47:17","slug":"double-licence-maths-info","status":"publish","type":"page","link":"https:\/\/maths.univ-amu.fr\/licence-maths\/double-licence-maths-info\/","title":{"rendered":"Double licence Maths-Info"},"content":{"rendered":"\n<p>Cette double licence est une formation renforc\u00e9e qui permet d&rsquo;obtenir simultan\u00e9ment les deux dipl\u00f4mes de licence de math\u00e9matiques et d&rsquo;informatique. C&rsquo;est \u00e9videmment une formation plus exigeante qu\u2019une licence classique, car elle n\u00e9cessite une charge de travail plus importante, un rythme soutenu et une grande capacit\u00e9 d\u2019organisation. Elle s\u2019adresse donc \u00e0 des \u00e9tudiants motiv\u00e9s, autonomes et capables de fournir un investissement important et r\u00e9gulier.<\/p>\n\n\n\n<p>Cette double licence permet d\u2019acqu\u00e9rir des comp\u00e9tences solides dans les deux disciplines, offrant ainsi un profil polyvalent et attractif pour la poursuite d\u2019\u00e9tudes. Par rapport \u00e0 la licence de math\u00e9matiques elle permet en plus une poursuite d&rsquo;\u00e9tude dans les formations en informatique, et son aspect bi-disciplinaire ouvre l&rsquo;acc\u00e8s aux \u00e9tudiants \u00e0 plus d&rsquo;\u00e9coles d&rsquo;ing\u00e9nieurs qu&rsquo;une licence de math\u00e9matiques classique. Elle facilite aussi l\u2019acc\u00e8s aux formations les plus s\u00e9lectives.<\/p>\n\n\n\n<p>Cette formation se distingue du reste de la licence d\u00e8s la premi\u00e8re ann\u00e9e (mais il est possible d\u2019int\u00e9grer cette double licence au second semestre de la L1).<\/p>\n\n\n\n<p>Cette formation ouverte sur le campus de Luminy \u00e0 Marseille.<\/p>\n\n\n\n<p>Voici la maquette de la double licence :<\/p>\n\n\n\n<div data-wp-interactive=\"core\/file\" class=\"wp-block-file aligncenter\" style=\"margin-top:var(--wp--preset--spacing--50);margin-bottom:var(--wp--preset--spacing--50)\"><object data-wp-bind--hidden=\"!state.hasPdfPreview\" hidden class=\"wp-block-file__embed\" data=\"https:\/\/maths.univ-amu.fr\/licence-maths\/wp-content\/uploads\/2026\/01\/maquette_DLMI.pdf\" type=\"application\/pdf\" style=\"width:100%;height:600px\" aria-label=\"PDF embarqu\u00e9\"><\/object><a href=\"https:\/\/maths.univ-amu.fr\/licence-maths\/wp-content\/uploads\/2026\/01\/maquette_DLMI.pdf\" class=\"wp-block-file__button wp-element-button\" download>T\u00e9l\u00e9charger<\/a><\/div>\n\n\n\n<figure class=\"wp-block-image size-full\"><img loading=\"lazy\" decoding=\"async\" width=\"1024\" height=\"576\" src=\"https:\/\/maths.univ-amu.fr\/licence-maths\/wp-content\/uploads\/2026\/01\/luminy2.webp\" alt=\"\" class=\"wp-image-113\" srcset=\"https:\/\/maths.univ-amu.fr\/licence-maths\/wp-content\/uploads\/2026\/01\/luminy2.webp 1024w, https:\/\/maths.univ-amu.fr\/licence-maths\/wp-content\/uploads\/2026\/01\/luminy2-300x169.webp 300w, https:\/\/maths.univ-amu.fr\/licence-maths\/wp-content\/uploads\/2026\/01\/luminy2-768x432.webp 768w\" sizes=\"auto, (max-width: 1024px) 100vw, 1024px\" \/><\/figure>\n","protected":false},"excerpt":{"rendered":"<p>Cette double licence est une formation renforc\u00e9e qui permet d&rsquo;obtenir simultan\u00e9ment les deux dipl\u00f4mes de licence de math\u00e9matiques et d&rsquo;informatique. C&rsquo;est \u00e9videmment une formation plus exigeante qu\u2019une licence classique, car elle n\u00e9cessite une charge de travail plus importante, un rythme soutenu et une grande capacit\u00e9 d\u2019organisation. Elle s\u2019adresse donc \u00e0 des \u00e9tudiants motiv\u00e9s, autonomes et [&hellip;]<\/p>\n","protected":false},"author":2,"featured_media":0,"parent":0,"menu_order":0,"comment_status":"closed","ping_status":"closed","template":"mod-le-personnalis","meta":{"footnotes":""},"class_list":["post-93","page","type-page","status-publish","hentry"],"_links":{"self":[{"href":"https:\/\/maths.univ-amu.fr\/licence-maths\/wp-json\/wp\/v2\/pages\/93","targetHints":{"allow":["GET"]}}],"collection":[{"href":"https:\/\/maths.univ-amu.fr\/licence-maths\/wp-json\/wp\/v2\/pages"}],"about":[{"href":"https:\/\/maths.univ-amu.fr\/licence-maths\/wp-json\/wp\/v2\/types\/page"}],"author":[{"embeddable":true,"href":"https:\/\/maths.univ-amu.fr\/licence-maths\/wp-json\/wp\/v2\/users\/2"}],"replies":[{"embeddable":true,"href":"https:\/\/maths.univ-amu.fr\/licence-maths\/wp-json\/wp\/v2\/comments?post=93"}],"version-history":[{"count":8,"href":"https:\/\/maths.univ-amu.fr\/licence-maths\/wp-json\/wp\/v2\/pages\/93\/revisions"}],"predecessor-version":[{"id":294,"href":"https:\/\/maths.univ-amu.fr\/licence-maths\/wp-json\/wp\/v2\/pages\/93\/revisions\/294"}],"wp:attachment":[{"href":"https:\/\/maths.univ-amu.fr\/licence-maths\/wp-json\/wp\/v2\/media?parent=93"}],"curies":[{"name":"wp","href":"https:\/\/api.w.org\/{rel}","templated":true}]}}