{"id":88,"date":"2026-01-13T11:51:44","date_gmt":"2026-01-13T10:51:44","guid":{"rendered":"https:\/\/maths.univ-amu.fr\/licence-maths\/?page_id=88"},"modified":"2026-01-16T09:59:18","modified_gmt":"2026-01-16T08:59:18","slug":"parcours-plurisciences","status":"publish","type":"page","link":"https:\/\/maths.univ-amu.fr\/licence-maths\/parcours-plurisciences\/","title":{"rendered":"Parcours Plurisciences"},"content":{"rendered":"\n<p>Ce parcours est d&rsquo;abord destin\u00e9 \u00e0 la pr\u00e9paration du Concours de Recrutement de Professeur des Ecoles (CRPE) que les \u00e9tudiants passent en cours de L3. Mais ce parcours s&rsquo;adresse aussi \u00e0 des \u00e9tudiants qui se destinent \u00e0 un master de communication scientifique. <\/p>\n\n\n\n<p>Ce parcours est commun \u00e0 toutes les licences de la Facult\u00e9 des Sciences. Les enseignements suivis sont pluridisciplinaires avec principalement des enseignements scientifiques (math\u00e9matiques, physique, chimie, informatique, sciences de la terre et du vivant) mais aussi des enseignements de litt\u00e9rature et d&rsquo;anglais.<\/p>\n\n\n\n<p>Ce parcours n&rsquo;est ouvert en L3 que sur le campus de St-J\u00e9r\u00f4me \u00e0 Marseille.<\/p>\n\n\n\n<div class=\"wp-block-buttons is-content-justification-center is-layout-flex wp-container-core-buttons-is-layout-a89b3969 wp-block-buttons-is-layout-flex\">\n<div class=\"wp-block-button\"><a class=\"wp-block-button__link wp-element-button\"><strong>Site de la formation<\/strong><\/a><\/div>\n<\/div>\n\n\n\n<figure class=\"wp-block-image size-large\" style=\"margin-top:var(--wp--preset--spacing--40);margin-bottom:var(--wp--preset--spacing--40)\"><img loading=\"lazy\" decoding=\"async\" width=\"1024\" height=\"562\" src=\"https:\/\/maths.univ-amu.fr\/licence-maths\/wp-content\/uploads\/2026\/01\/saintjerome-1024x562.webp\" alt=\"\" class=\"wp-image-89\" srcset=\"https:\/\/maths.univ-amu.fr\/licence-maths\/wp-content\/uploads\/2026\/01\/saintjerome-1024x562.webp 1024w, https:\/\/maths.univ-amu.fr\/licence-maths\/wp-content\/uploads\/2026\/01\/saintjerome-300x165.webp 300w, https:\/\/maths.univ-amu.fr\/licence-maths\/wp-content\/uploads\/2026\/01\/saintjerome-768x421.webp 768w, https:\/\/maths.univ-amu.fr\/licence-maths\/wp-content\/uploads\/2026\/01\/saintjerome-1536x843.webp 1536w, https:\/\/maths.univ-amu.fr\/licence-maths\/wp-content\/uploads\/2026\/01\/saintjerome-2048x1123.webp 2048w\" sizes=\"auto, (max-width: 1024px) 100vw, 1024px\" \/><\/figure>\n\n\n\n<p class=\"has-text-align-center\" style=\"font-style:normal;font-weight:400\"><\/p>\n","protected":false},"excerpt":{"rendered":"<p>Ce parcours est d&rsquo;abord destin\u00e9 \u00e0 la pr\u00e9paration du Concours de Recrutement de Professeur des Ecoles (CRPE) que les \u00e9tudiants passent en cours de L3. Mais ce parcours s&rsquo;adresse aussi \u00e0 des \u00e9tudiants qui se destinent \u00e0 un master de communication scientifique. Ce parcours est commun \u00e0 toutes les licences de la Facult\u00e9 des Sciences. [&hellip;]<\/p>\n","protected":false},"author":2,"featured_media":0,"parent":0,"menu_order":0,"comment_status":"closed","ping_status":"closed","template":"mod-le-personnalis","meta":{"footnotes":""},"class_list":["post-88","page","type-page","status-publish","hentry"],"_links":{"self":[{"href":"https:\/\/maths.univ-amu.fr\/licence-maths\/wp-json\/wp\/v2\/pages\/88","targetHints":{"allow":["GET"]}}],"collection":[{"href":"https:\/\/maths.univ-amu.fr\/licence-maths\/wp-json\/wp\/v2\/pages"}],"about":[{"href":"https:\/\/maths.univ-amu.fr\/licence-maths\/wp-json\/wp\/v2\/types\/page"}],"author":[{"embeddable":true,"href":"https:\/\/maths.univ-amu.fr\/licence-maths\/wp-json\/wp\/v2\/users\/2"}],"replies":[{"embeddable":true,"href":"https:\/\/maths.univ-amu.fr\/licence-maths\/wp-json\/wp\/v2\/comments?post=88"}],"version-history":[{"count":7,"href":"https:\/\/maths.univ-amu.fr\/licence-maths\/wp-json\/wp\/v2\/pages\/88\/revisions"}],"predecessor-version":[{"id":249,"href":"https:\/\/maths.univ-amu.fr\/licence-maths\/wp-json\/wp\/v2\/pages\/88\/revisions\/249"}],"wp:attachment":[{"href":"https:\/\/maths.univ-amu.fr\/licence-maths\/wp-json\/wp\/v2\/media?parent=88"}],"curies":[{"name":"wp","href":"https:\/\/api.w.org\/{rel}","templated":true}]}}