{"id":86,"date":"2026-01-13T11:42:10","date_gmt":"2026-01-13T10:42:10","guid":{"rendered":"https:\/\/maths.univ-amu.fr\/licence-maths\/?page_id=86"},"modified":"2026-01-19T08:49:26","modified_gmt":"2026-01-19T07:49:26","slug":"parcours-maths-approfondies","status":"publish","type":"page","link":"https:\/\/maths.univ-amu.fr\/licence-maths\/parcours-maths-approfondies\/","title":{"rendered":"Parcours Maths Approfondies"},"content":{"rendered":"\n<p>Ce parcours est plus intensif que le parcours Math\u00e9matiques classique. Ce parcours s&rsquo;adresse aux \u00e9tudiants les plus motiv\u00e9s et les plus investis, capables de fournir une quantit\u00e9 de travail sup\u00e9rieure \u00e0 ce qui est demand\u00e9 habituellement en licence. Il s&rsquo;adresse aussi aux \u00e9tudiants qui ont valid\u00e9 le parcours Math\u00e9matiques mais qui n&rsquo;ont pas obtenu le master de leur choix, et qui peuvent donc faire une deuxi\u00e8me ann\u00e9e de L3 dans un parcours qui renforcera leur formation ant\u00e9rieure. N\u00e9anmoins le choix entre les parcours Math\u00e9matiques et Math\u00e9matiques Approfondies d\u00e9pend de beaucoup de param\u00e8tres ; pour les \u00e9tudiants de L2 qui h\u00e9sitent dans leur choix, les responsables de formation proposent des entretiens d&rsquo;orientation individuels qui permettent d\u2019\u00e9valuer leur situation, de discuter de leurs projets et de les aider \u00e0 faire un choix adapt\u00e9 \u00e0 leur profil.<\/p>\n\n\n\n<p>Les possibilit\u00e9s de poursuites d&rsquo;\u00e9tudes sont les m\u00eames que pour le parcours Math\u00e9matiques.<\/p>\n\n\n\n<p>Ce parcours de L3 est ouvert sur le campus de Luminy.<\/p>\n\n\n\n<p>Voici la maquette de ce parcours :<\/p>\n\n\n\n<div data-wp-interactive=\"core\/file\" class=\"wp-block-file\"><object data-wp-bind--hidden=\"!state.hasPdfPreview\" hidden class=\"wp-block-file__embed\" data=\"https:\/\/maths.univ-amu.fr\/licence-maths\/wp-content\/uploads\/2026\/01\/maquette_parcours_maths-approfondies.pdf\" type=\"application\/pdf\" style=\"width:100%;height:600px\" aria-label=\"Contenu embarqu\u00e9 maquette_parcours_maths-approfondies.\"><\/object><a id=\"wp-block-file--media-f8cd7a3a-3956-4c47-b523-63ab3755ee0a\" href=\"https:\/\/maths.univ-amu.fr\/licence-maths\/wp-content\/uploads\/2026\/01\/maquette_parcours_maths-approfondies.pdf\">maquette_parcours_maths-approfondies<\/a><a href=\"https:\/\/maths.univ-amu.fr\/licence-maths\/wp-content\/uploads\/2026\/01\/maquette_parcours_maths-approfondies.pdf\" class=\"wp-block-file__button wp-element-button\" download aria-describedby=\"wp-block-file--media-f8cd7a3a-3956-4c47-b523-63ab3755ee0a\">T\u00e9l\u00e9charger<\/a><\/div>\n\n\n\n<figure class=\"wp-block-image size-full\" style=\"margin-top:var(--wp--preset--spacing--30);margin-bottom:var(--wp--preset--spacing--30)\"><img loading=\"lazy\" decoding=\"async\" width=\"930\" height=\"256\" src=\"https:\/\/maths.univ-amu.fr\/licence-maths\/wp-content\/uploads\/2026\/01\/luminy3.jpg\" alt=\"\" class=\"wp-image-83\" srcset=\"https:\/\/maths.univ-amu.fr\/licence-maths\/wp-content\/uploads\/2026\/01\/luminy3.jpg 930w, https:\/\/maths.univ-amu.fr\/licence-maths\/wp-content\/uploads\/2026\/01\/luminy3-300x83.jpg 300w, https:\/\/maths.univ-amu.fr\/licence-maths\/wp-content\/uploads\/2026\/01\/luminy3-768x211.jpg 768w\" sizes=\"auto, (max-width: 930px) 100vw, 930px\" \/><\/figure>\n","protected":false},"excerpt":{"rendered":"<p>Ce parcours est plus intensif que le parcours Math\u00e9matiques classique. Ce parcours s&rsquo;adresse aux \u00e9tudiants les plus motiv\u00e9s et les plus investis, capables de fournir une quantit\u00e9 de travail sup\u00e9rieure \u00e0 ce qui est demand\u00e9 habituellement en licence. Il s&rsquo;adresse aussi aux \u00e9tudiants qui ont valid\u00e9 le parcours Math\u00e9matiques mais qui n&rsquo;ont pas obtenu le [&hellip;]<\/p>\n","protected":false},"author":2,"featured_media":0,"parent":0,"menu_order":0,"comment_status":"closed","ping_status":"closed","template":"mod-le-personnalis","meta":{"footnotes":""},"class_list":["post-86","page","type-page","status-publish","hentry"],"_links":{"self":[{"href":"https:\/\/maths.univ-amu.fr\/licence-maths\/wp-json\/wp\/v2\/pages\/86","targetHints":{"allow":["GET"]}}],"collection":[{"href":"https:\/\/maths.univ-amu.fr\/licence-maths\/wp-json\/wp\/v2\/pages"}],"about":[{"href":"https:\/\/maths.univ-amu.fr\/licence-maths\/wp-json\/wp\/v2\/types\/page"}],"author":[{"embeddable":true,"href":"https:\/\/maths.univ-amu.fr\/licence-maths\/wp-json\/wp\/v2\/users\/2"}],"replies":[{"embeddable":true,"href":"https:\/\/maths.univ-amu.fr\/licence-maths\/wp-json\/wp\/v2\/comments?post=86"}],"version-history":[{"count":8,"href":"https:\/\/maths.univ-amu.fr\/licence-maths\/wp-json\/wp\/v2\/pages\/86\/revisions"}],"predecessor-version":[{"id":296,"href":"https:\/\/maths.univ-amu.fr\/licence-maths\/wp-json\/wp\/v2\/pages\/86\/revisions\/296"}],"wp:attachment":[{"href":"https:\/\/maths.univ-amu.fr\/licence-maths\/wp-json\/wp\/v2\/media?parent=86"}],"curies":[{"name":"wp","href":"https:\/\/api.w.org\/{rel}","templated":true}]}}