{"id":25,"date":"2026-01-07T11:24:42","date_gmt":"2026-01-07T10:24:42","guid":{"rendered":"https:\/\/maths.univ-amu.fr\/licence-maths\/?page_id=25"},"modified":"2026-01-16T10:45:51","modified_gmt":"2026-01-16T09:45:51","slug":"accueil","status":"publish","type":"page","link":"https:\/\/maths.univ-amu.fr\/licence-maths\/","title":{"rendered":""},"content":{"rendered":"\n<p class=\"has-text-align-center has-x-large-font-size\";margin-top:var(--wp--preset--spacing--60);margin-bottom:var(--wp--preset--spacing--60);font-style:normal;font-weight:500\"><p class=\"has-text-align-center has-x-large-font-size\" style=\"border-width:1px;margin-top:var(--wp--preset--spacing--60);margin-bottom:var(--wp--preset--spacing--60);font-style:normal;font-weight:500;font-family:'Times New Roman', Times, serif;\">Licence de math\u00e9matiques de l&rsquo;Universit\u00e9 d&rsquo;Aix-Marseille<\/p><\/p>\n\n\n\n<div class=\"wp-block-columns is-layout-flex wp-container-core-columns-is-layout-28f84493 wp-block-columns-is-layout-flex\">\n<div class=\"wp-block-column is-layout-flow wp-block-column-is-layout-flow\" style=\"flex-basis:100%\">\n<figure class=\"wp-block-image aligncenter size-full is-resized\" style=\"margin-top:var(--wp--preset--spacing--50);margin-bottom:var(--wp--preset--spacing--50)\"><img loading=\"lazy\" decoding=\"async\" width=\"1024\" height=\"538\" src=\"https:\/\/maths.univ-amu.fr\/licence-maths\/wp-content\/uploads\/2026\/01\/luminy1.jpg\" alt=\"\" class=\"wp-image-57\" style=\"width:990px;height:auto\" srcset=\"https:\/\/maths.univ-amu.fr\/licence-maths\/wp-content\/uploads\/2026\/01\/luminy1.jpg 1024w, https:\/\/maths.univ-amu.fr\/licence-maths\/wp-content\/uploads\/2026\/01\/luminy1-300x158.jpg 300w, https:\/\/maths.univ-amu.fr\/licence-maths\/wp-content\/uploads\/2026\/01\/luminy1-768x404.jpg 768w\" sizes=\"auto, (max-width: 1024px) 100vw, 1024px\" \/><\/figure>\n<\/div>\n<\/div>\n\n\n\n<p>La licence de math\u00e9matiques est un dipl\u00f4me universitaire qui se pr\u00e9pare en trois ann\u00e9es (appel\u00e9es L1, L2 et L3). Elle apporte aux \u00e9tudiants un socle de connaissances et de comp\u00e9tences fondamentales en math\u00e9matiques. Pendant la licence, les \u00e9tudiants approfondissent les notions vues au lyc\u00e9e et d\u00e9couvrent de nouveaux domaines comme l\u2019alg\u00e8bre, l\u2019analyse, les probabilit\u00e9s, les statistiques. La formation est enrichie par des enseignements en informatique, en physique, m\u00e9canique et&nbsp;en anglais. Cette ouverture vers d&rsquo;autres domaines a pour but de renforcer la culture scientifique et de montrer l&rsquo;utilisation des math\u00e9matiques dans les autres sciences.<\/p>\n\n\n\n<p>Cette formation d\u00e9veloppe des comp\u00e9tences essentielles telles que le raisonnement logique, la rigueur, l&rsquo;esprit critique et la capacit\u00e9 \u00e0 r\u00e9soudre des probl\u00e8mes complexes et abstraits. Elle pr\u00e9pare aussi les \u00e9tudiants \u00e0 travailler en autonomie et en \u00e9quipe, \u00e0 r\u00e9diger et pr\u00e9senter un projet math\u00e9matique de mani\u00e8re claire et pr\u00e9cise et \u00e0 communiquer en anglais scientifique. Elle demande un go\u00fbt pour le calcul, mais surtout pour la r\u00e9flexion, la rigueur et le raisonnement logique.<\/p>\n\n\n\n<p>La formation b\u00e9n\u00e9ficie de la pr\u00e9sence sur les diff\u00e9rents sites de laboratoires de recherche de renomm\u00e9e internationale dans toutes les disciplines enseign\u00e9es, en particulier, en math\u00e9matiques l&rsquo;Institut de Math\u00e9matiques de Marseille (I2M).<\/p>\n\n\n\n<p>La licence de maths ouvre de tr\u00e8s&nbsp;nombreuses possibilit\u00e9s de poursuite d\u2019\u00e9tudes : masters en math\u00e9matiques, en enseignement, en finance, en data science, en informatique, en ing\u00e9nierie, en \u00e9conomie, ou \u00e9coles d&rsquo;ing\u00e9nieur. Elle permet \u00e9galement de se pr\u00e9parer aux concours d&rsquo;enseignement, notamment celui du CAPES.<\/p>\n\n\n\n<p>En r\u00e9sum\u00e9, une licence de math\u00e9matiques est une formation exigeante mais enrichissante, qui convient aux \u00e9tudiants curieux, pers\u00e9v\u00e9rants et attir\u00e9s par la logique, et qui offre de nombreux d\u00e9bouch\u00e9s professionnels.<\/p>\n\n\n\n\n\n\n\n<figure class=\"wp-block-embed is-type-video is-provider-youtube wp-block-embed-youtube wp-embed-aspect-16-9 wp-has-aspect-ratio\" style=\"margin-top:var(--wp--preset--spacing--50);margin-bottom:var(--wp--preset--spacing--50)\"><div class=\"wp-block-embed__wrapper\">\n<iframe loading=\"lazy\" title=\"Pr\u00e9sentation de la Licence de Math\u00e9matiques\" width=\"500\" height=\"281\" src=\"https:\/\/www.youtube.com\/embed\/bv-x2oTj2aE?feature=oembed\" frameborder=\"0\" allow=\"accelerometer; autoplay; clipboard-write; encrypted-media; gyroscope; picture-in-picture; web-share\" referrerpolicy=\"strict-origin-when-cross-origin\" allowfullscreen><\/iframe>\n<\/div><\/figure>\n","protected":false},"excerpt":{"rendered":"","protected":false},"author":2,"featured_media":0,"parent":0,"menu_order":0,"comment_status":"closed","ping_status":"closed","template":"page-large","meta":{"footnotes":""},"class_list":["post-25","page","type-page","status-publish","hentry"],"_links":{"self":[{"href":"https:\/\/maths.univ-amu.fr\/licence-maths\/wp-json\/wp\/v2\/pages\/25","targetHints":{"allow":["GET"]}}],"collection":[{"href":"https:\/\/maths.univ-amu.fr\/licence-maths\/wp-json\/wp\/v2\/pages"}],"about":[{"href":"https:\/\/maths.univ-amu.fr\/licence-maths\/wp-json\/wp\/v2\/types\/page"}],"author":[{"embeddable":true,"href":"https:\/\/maths.univ-amu.fr\/licence-maths\/wp-json\/wp\/v2\/users\/2"}],"replies":[{"embeddable":true,"href":"https:\/\/maths.univ-amu.fr\/licence-maths\/wp-json\/wp\/v2\/comments?post=25"}],"version-history":[{"count":34,"href":"https:\/\/maths.univ-amu.fr\/licence-maths\/wp-json\/wp\/v2\/pages\/25\/revisions"}],"predecessor-version":[{"id":299,"href":"https:\/\/maths.univ-amu.fr\/licence-maths\/wp-json\/wp\/v2\/pages\/25\/revisions\/299"}],"wp:attachment":[{"href":"https:\/\/maths.univ-amu.fr\/licence-maths\/wp-json\/wp\/v2\/media?parent=25"}],"curies":[{"name":"wp","href":"https:\/\/api.w.org\/{rel}","templated":true}]}}