{"id":21,"date":"2026-01-07T11:19:33","date_gmt":"2026-01-07T10:19:33","guid":{"rendered":"https:\/\/maths.univ-amu.fr\/licence-maths\/?page_id=21"},"modified":"2026-01-16T14:13:07","modified_gmt":"2026-01-16T13:13:07","slug":"procedures-dadmission","status":"publish","type":"page","link":"https:\/\/maths.univ-amu.fr\/licence-maths\/accueil\/procedures-dadmission\/","title":{"rendered":"Admission"},"content":{"rendered":"\n<figure class=\"wp-block-image size-full\"><img loading=\"lazy\" decoding=\"async\" width=\"930\" height=\"258\" src=\"https:\/\/maths.univ-amu.fr\/licence-maths\/wp-content\/uploads\/2026\/01\/aix1.jpg\" alt=\"\" class=\"wp-image-58\" srcset=\"https:\/\/maths.univ-amu.fr\/licence-maths\/wp-content\/uploads\/2026\/01\/aix1.jpg 930w, https:\/\/maths.univ-amu.fr\/licence-maths\/wp-content\/uploads\/2026\/01\/aix1-300x83.jpg 300w, https:\/\/maths.univ-amu.fr\/licence-maths\/wp-content\/uploads\/2026\/01\/aix1-768x213.jpg 768w\" sizes=\"auto, (max-width: 930px) 100vw, 930px\" \/><\/figure>\n\n\n\n<p>Voici les proc\u00e9dures de candidatures en fonction de votre situation. Comme nos formations sont propos\u00e9es sur diff\u00e9rents campus, une candidature correspond \u00e0 un campus. Par ailleurs le nombre de places disponibles n&rsquo;est pas le m\u00eame pour chaque campus. Donc pour augmenter vos chances d&rsquo;acceptation et avoir une r\u00e9ponse plus rapide, n&rsquo;h\u00e9sitez pas \u00e0 faire une candidature pour chaque campus.<\/p>\n\n\n\n<p class=\"has-large-font-size\" style=\"font-style:normal;font-weight:400\"><strong>Inscription en premi\u00e8re ann\u00e9e<\/strong> (L1 &#8211; Portail Descartes) :<\/p>\n\n\n\n<ul class=\"wp-block-list\">\n<li class=\"has-medium-font-size\">Pour les candidats fran\u00e7ais, ou ressortissants europ\u00e9ens, ou titulaires d&rsquo;un baccalaur\u00e9at fran\u00e7ais ou europ\u00e9en, ou d\u00e9ja inscrits dans l&rsquo;enseignement sup\u00e9rieur en France, l&rsquo;inscription se fait via <a href=\"https:\/\/www.parcoursup.gouv.fr\/\" data-type=\"link\" data-id=\"https:\/\/www.parcoursup.gouv.fr\/\">Parcoursup<\/a> o\u00f9 l&rsquo;on trouve la formation sous l&rsquo;intitul\u00e9 \u00ab\u00a0Licence &#8211; Math\u00e9matiques &#8211; Portail Descartes\u00a0\u00bb.<\/li>\n\n\n\n<li class=\"has-medium-font-size\">Pour les autres candidats, il faut candidater via la plateforme <a href=\"https:\/\/www.campusfrance.org\/fr\/candidature-procedure-etudes-en-france\" data-type=\"link\" data-id=\"https:\/\/www.campusfrance.org\/fr\/candidature-procedure-etudes-en-france\">Etudes-en-France<\/a>.<\/li>\n<\/ul>\n\n\n\n<p style=\"font-style:normal;font-weight:400\"><strong>Inscription en 2\u00e8me ou 3\u00e8me ann\u00e9e<\/strong> (L2-L3 de la Licence de math\u00e9matiques) :<\/p>\n\n\n\n<ul class=\"wp-block-list\">\n<li class=\"has-medium-font-size\">Pour les candidats fran\u00e7ais, ou ressortissants europ\u00e9ens, ou r\u00e9sidant en Europe, l&rsquo;inscription se fait via la plateforme <a href=\"https:\/\/candidatures.univ-amu.fr\/candidatures\/#!accueilView\" data-type=\"link\" data-id=\"https:\/\/candidatures.univ-amu.fr\/candidatures\/#!accueilView\">e-candidat<\/a>.<\/li>\n\n\n\n<li class=\"has-medium-font-size\">Pour les \u00e9tudiants non ressortissants europ\u00e9ens et ne r\u00e9sidant pas en Europe, l&rsquo;inscription se fait via la plateforme <a href=\"https:\/\/www.campusfrance.org\/fr\/candidature-procedure-etudes-en-france\" data-type=\"link\" data-id=\"https:\/\/www.campusfrance.org\/fr\/candidature-procedure-etudes-en-france\">Etudes-en-France<\/a>.<\/li>\n\n\n\n<li class=\"has-medium-font-size\">Cas particulier : pour les \u00e9l\u00e8ves de classe pr\u00e9paratoire en double inscription \u00e0 AMU, l&rsquo;inscription se fait via <a href=\"https:\/\/candidatures.univ-amu.fr\/candidatures\/#!accueilView\" data-type=\"link\" data-id=\"https:\/\/candidatures.univ-amu.fr\/candidatures\/#!accueilView\">e-candidat<\/a> en s\u00e9lectionnant la formation sp\u00e9cifique \u00ab\u00a0passerelle r\u00e9serv\u00e9e au \u00e9tudiants CPGE en double inscription\u00a0\u00bb.<\/li>\n<\/ul>\n\n\n\n<p>Pour les \u00e9l\u00e8ves de classe pr\u00e9paratoire qui souhaitent se r\u00e9orienter en cours d&rsquo;ann\u00e9e universitaire, il faut suivre la proc\u00e9dure indiqu\u00e9e <a href=\"https:\/\/sciences.univ-amu.fr\/fr\/candidatures-inscriptions\/sinscrire\/cpge#section-4158\" data-type=\"link\" data-id=\"https:\/\/sciences.univ-amu.fr\/fr\/candidatures-inscriptions\/sinscrire\/cpge#section-4158\">ici<\/a>.<\/p>\n\n\n\n<figure class=\"wp-block-image size-large\" style=\"margin-top:var(--wp--preset--spacing--40);margin-bottom:var(--wp--preset--spacing--40)\"><img loading=\"lazy\" decoding=\"async\" width=\"1024\" height=\"205\" src=\"https:\/\/maths.univ-amu.fr\/licence-maths\/wp-content\/uploads\/2026\/01\/pharo1-1024x205.jpg\" alt=\"\" class=\"wp-image-122\" srcset=\"https:\/\/maths.univ-amu.fr\/licence-maths\/wp-content\/uploads\/2026\/01\/pharo1-1024x205.jpg 1024w, https:\/\/maths.univ-amu.fr\/licence-maths\/wp-content\/uploads\/2026\/01\/pharo1-300x60.jpg 300w, https:\/\/maths.univ-amu.fr\/licence-maths\/wp-content\/uploads\/2026\/01\/pharo1-768x154.jpg 768w, https:\/\/maths.univ-amu.fr\/licence-maths\/wp-content\/uploads\/2026\/01\/pharo1-1536x307.jpg 1536w, https:\/\/maths.univ-amu.fr\/licence-maths\/wp-content\/uploads\/2026\/01\/pharo1.jpg 2000w\" sizes=\"auto, (max-width: 1024px) 100vw, 1024px\" \/><\/figure>\n","protected":false},"excerpt":{"rendered":"<p>Voici les proc\u00e9dures de candidatures en fonction de votre situation. Comme nos formations sont propos\u00e9es sur diff\u00e9rents campus, une candidature correspond \u00e0 un campus. Par ailleurs le nombre de places disponibles n&rsquo;est pas le m\u00eame pour chaque campus. Donc pour augmenter vos chances d&rsquo;acceptation et avoir une r\u00e9ponse plus rapide, n&rsquo;h\u00e9sitez pas \u00e0 faire une [&hellip;]<\/p>\n","protected":false},"author":2,"featured_media":57,"parent":25,"menu_order":0,"comment_status":"closed","ping_status":"closed","template":"mod-le-personnalis","meta":{"footnotes":""},"class_list":["post-21","page","type-page","status-publish","has-post-thumbnail","hentry"],"_links":{"self":[{"href":"https:\/\/maths.univ-amu.fr\/licence-maths\/wp-json\/wp\/v2\/pages\/21","targetHints":{"allow":["GET"]}}],"collection":[{"href":"https:\/\/maths.univ-amu.fr\/licence-maths\/wp-json\/wp\/v2\/pages"}],"about":[{"href":"https:\/\/maths.univ-amu.fr\/licence-maths\/wp-json\/wp\/v2\/types\/page"}],"author":[{"embeddable":true,"href":"https:\/\/maths.univ-amu.fr\/licence-maths\/wp-json\/wp\/v2\/users\/2"}],"replies":[{"embeddable":true,"href":"https:\/\/maths.univ-amu.fr\/licence-maths\/wp-json\/wp\/v2\/comments?post=21"}],"version-history":[{"count":15,"href":"https:\/\/maths.univ-amu.fr\/licence-maths\/wp-json\/wp\/v2\/pages\/21\/revisions"}],"predecessor-version":[{"id":282,"href":"https:\/\/maths.univ-amu.fr\/licence-maths\/wp-json\/wp\/v2\/pages\/21\/revisions\/282"}],"up":[{"embeddable":true,"href":"https:\/\/maths.univ-amu.fr\/licence-maths\/wp-json\/wp\/v2\/pages\/25"}],"wp:featuredmedia":[{"embeddable":true,"href":"https:\/\/maths.univ-amu.fr\/licence-maths\/wp-json\/wp\/v2\/media\/57"}],"wp:attachment":[{"href":"https:\/\/maths.univ-amu.fr\/licence-maths\/wp-json\/wp\/v2\/media?parent=21"}],"curies":[{"name":"wp","href":"https:\/\/api.w.org\/{rel}","templated":true}]}}