{"id":2,"date":"2026-01-05T15:56:51","date_gmt":"2026-01-05T14:56:51","guid":{"rendered":"https:\/\/maths.univ-amu.fr\/licence-maths\/?page_id=2"},"modified":"2026-03-12T11:08:11","modified_gmt":"2026-03-12T10:08:11","slug":"structure-de-la-formation","status":"publish","type":"page","link":"https:\/\/maths.univ-amu.fr\/licence-maths\/accueil\/structure-de-la-formation\/","title":{"rendered":"Structure et parcours"},"content":{"rendered":"\n<figure class=\"wp-block-image aligncenter size-full\"><img loading=\"lazy\" decoding=\"async\" width=\"2560\" height=\"620\" src=\"https:\/\/maths.univ-amu.fr\/licence-maths\/wp-content\/uploads\/2026\/01\/Capture-de\u0301cran-2026-01-15-a\u0300-14.22.38-scaled.jpg\" alt=\"\" class=\"wp-image-205\" srcset=\"https:\/\/maths.univ-amu.fr\/licence-maths\/wp-content\/uploads\/2026\/01\/Capture-de\u0301cran-2026-01-15-a\u0300-14.22.38-scaled.jpg 2560w, https:\/\/maths.univ-amu.fr\/licence-maths\/wp-content\/uploads\/2026\/01\/Capture-de\u0301cran-2026-01-15-a\u0300-14.22.38-300x73.jpg 300w, https:\/\/maths.univ-amu.fr\/licence-maths\/wp-content\/uploads\/2026\/01\/Capture-de\u0301cran-2026-01-15-a\u0300-14.22.38-1024x248.jpg 1024w, https:\/\/maths.univ-amu.fr\/licence-maths\/wp-content\/uploads\/2026\/01\/Capture-de\u0301cran-2026-01-15-a\u0300-14.22.38-768x186.jpg 768w, https:\/\/maths.univ-amu.fr\/licence-maths\/wp-content\/uploads\/2026\/01\/Capture-de\u0301cran-2026-01-15-a\u0300-14.22.38-1536x372.jpg 1536w, https:\/\/maths.univ-amu.fr\/licence-maths\/wp-content\/uploads\/2026\/01\/Capture-de\u0301cran-2026-01-15-a\u0300-14.22.38-2048x496.jpg 2048w\" sizes=\"auto, (max-width: 2560px) 100vw, 2560px\" \/><\/figure>\n\n\n\n<p>La licence de math\u00e9matiques propose 4 parcours :<\/p>\n\n\n\n<ul class=\"wp-block-list\">\n<li style=\"font-style:normal;font-weight:500\"><a href=\"https:\/\/maths.univ-amu.fr\/licence-maths\/parcours-mathematiques\/\" data-type=\"link\" data-id=\"https:\/\/maths.univ-amu.fr\/licence-maths\/parcours-mathematiques\/\">Le parcours math\u00e9matiques<\/a><\/li>\n\n\n\n<li style=\"font-style:normal;font-weight:500\"><a href=\"https:\/\/maths.univ-amu.fr\/licence-maths\/parcours-maths-approfondies\/\" data-type=\"page\" data-id=\"86\">Le parcours math\u00e9matiques approfondies<\/a><\/li>\n\n\n\n<li style=\"font-style:normal;font-weight:500\"><a href=\"https:\/\/maths.univ-amu.fr\/licence-maths\/parcours-plurisciences\/\" data-type=\"page\" data-id=\"88\">Le parcours plurisciences<\/a><\/li>\n\n\n\n<li style=\"font-style:normal;font-weight:500\"><a href=\"https:\/\/maths.univ-amu.fr\/licence-maths\/double-licence-maths-info\/\" data-type=\"page\" data-id=\"93\">La double licence math\u00e9matiques-informatique<\/a><\/li>\n<\/ul>\n\n\n\n<p>La premi\u00e8re ann\u00e9e se d\u00e9roule au sein du <a href=\"https:\/\/formations.univ-amu.fr\/fr\/portail\/3SLD\">portail Descartes<\/a> qui est une ann\u00e9e commune aux licences de math\u00e9matiques, de physique, d&rsquo;informatique et de m\u00e9canique, hormis 6 cr\u00e9dits d&rsquo;options au second semestre. Les 3 premiers parcours se distinguent en L3, les premi\u00e8re et deuxi\u00e8me ann\u00e9es \u00e9tant communes aux 3 parcours.<\/p>\n\n\n\n<p>Les programmes d\u00e9taill\u00e9s des UE sont donn\u00e9s ici, les maquettes de chaque parcours \u00e9tant disponibles sur les pages respectives de ceux-ci :<\/p>\n\n\n\n<div class=\"wp-block-buttons is-content-justification-center is-layout-flex wp-container-core-buttons-is-layout-ecbad910 wp-block-buttons-is-layout-flex\" style=\"padding-top:var(--wp--preset--spacing--20);padding-bottom:var(--wp--preset--spacing--20)\">\n<div class=\"wp-block-button\"><a class=\"wp-block-button__link wp-element-button\" href=\"https:\/\/sciences.univ-amu.fr\/sites\/default\/files\/ressources_docs\/Programme%20Portail%20et%20licence.pdf\">Programmes des UE d&rsquo;enseignement<\/a><\/div>\n<\/div>\n\n\n\n<p>Par ailleurs la formation est propos\u00e9es sur 4 sites d&rsquo;enseignement :<\/p>\n\n\n\n<ul class=\"wp-block-list\">\n<li>Le campus de St-Charles \u00e0 Marseille<\/li>\n\n\n\n<li>Le campus de Luminy \u00e0 Marseille<\/li>\n\n\n\n<li>Le campus de Montperrin \u00e0 Aix-en-Provence<\/li>\n\n\n\n<li>En t\u00e9l\u00e9-enseignement <\/li>\n<\/ul>\n\n\n\n<p>Si les deux premi\u00e8res ann\u00e9es sont propos\u00e9es sur chacun des 4 sites, le site d&rsquo;enseignement de la L3 d\u00e9pend du parcours choisi.<\/p>\n\n\n\n<p class=\"is-style-default has-x-large-font-size\"><\/p>\n\n\n\n<figure class=\"wp-block-image size-large\" style=\"margin-top:var(--wp--preset--spacing--50);margin-bottom:var(--wp--preset--spacing--50)\"><img loading=\"lazy\" decoding=\"async\" width=\"1024\" height=\"417\" src=\"https:\/\/maths.univ-amu.fr\/licence-maths\/wp-content\/uploads\/2026\/01\/Capture-de\u0301cran-2026-01-13-a\u0300-14.38.40-1024x417.jpg\" alt=\"\" class=\"wp-image-125\" srcset=\"https:\/\/maths.univ-amu.fr\/licence-maths\/wp-content\/uploads\/2026\/01\/Capture-de\u0301cran-2026-01-13-a\u0300-14.38.40-1024x417.jpg 1024w, https:\/\/maths.univ-amu.fr\/licence-maths\/wp-content\/uploads\/2026\/01\/Capture-de\u0301cran-2026-01-13-a\u0300-14.38.40-300x122.jpg 300w, https:\/\/maths.univ-amu.fr\/licence-maths\/wp-content\/uploads\/2026\/01\/Capture-de\u0301cran-2026-01-13-a\u0300-14.38.40-768x313.jpg 768w, https:\/\/maths.univ-amu.fr\/licence-maths\/wp-content\/uploads\/2026\/01\/Capture-de\u0301cran-2026-01-13-a\u0300-14.38.40-1536x625.jpg 1536w, https:\/\/maths.univ-amu.fr\/licence-maths\/wp-content\/uploads\/2026\/01\/Capture-de\u0301cran-2026-01-13-a\u0300-14.38.40-2048x834.jpg 2048w\" sizes=\"auto, (max-width: 1024px) 100vw, 1024px\" \/><\/figure>\n","protected":false},"excerpt":{"rendered":"<p>La licence de math\u00e9matiques propose 4 parcours : La premi\u00e8re ann\u00e9e se d\u00e9roule au sein du portail Descartes qui est une ann\u00e9e commune aux licences de math\u00e9matiques, de physique, d&rsquo;informatique et de m\u00e9canique, hormis 6 cr\u00e9dits d&rsquo;options au second semestre. Les 3 premiers parcours se distinguent en L3, les premi\u00e8re et deuxi\u00e8me ann\u00e9es \u00e9tant communes [&hellip;]<\/p>\n","protected":false},"author":1,"featured_media":0,"parent":25,"menu_order":0,"comment_status":"closed","ping_status":"closed","template":"mod-le-personnalis","meta":{"footnotes":""},"class_list":["post-2","page","type-page","status-publish","hentry"],"_links":{"self":[{"href":"https:\/\/maths.univ-amu.fr\/licence-maths\/wp-json\/wp\/v2\/pages\/2","targetHints":{"allow":["GET"]}}],"collection":[{"href":"https:\/\/maths.univ-amu.fr\/licence-maths\/wp-json\/wp\/v2\/pages"}],"about":[{"href":"https:\/\/maths.univ-amu.fr\/licence-maths\/wp-json\/wp\/v2\/types\/page"}],"author":[{"embeddable":true,"href":"https:\/\/maths.univ-amu.fr\/licence-maths\/wp-json\/wp\/v2\/users\/1"}],"replies":[{"embeddable":true,"href":"https:\/\/maths.univ-amu.fr\/licence-maths\/wp-json\/wp\/v2\/comments?post=2"}],"version-history":[{"count":38,"href":"https:\/\/maths.univ-amu.fr\/licence-maths\/wp-json\/wp\/v2\/pages\/2\/revisions"}],"predecessor-version":[{"id":298,"href":"https:\/\/maths.univ-amu.fr\/licence-maths\/wp-json\/wp\/v2\/pages\/2\/revisions\/298"}],"up":[{"embeddable":true,"href":"https:\/\/maths.univ-amu.fr\/licence-maths\/wp-json\/wp\/v2\/pages\/25"}],"wp:attachment":[{"href":"https:\/\/maths.univ-amu.fr\/licence-maths\/wp-json\/wp\/v2\/media?parent=2"}],"curies":[{"name":"wp","href":"https:\/\/api.w.org\/{rel}","templated":true}]}}