{"id":19,"date":"2026-01-07T11:17:48","date_gmt":"2026-01-07T10:17:48","guid":{"rendered":"https:\/\/maths.univ-amu.fr\/licence-maths\/?page_id=19"},"modified":"2026-01-19T08:45:08","modified_gmt":"2026-01-19T07:45:08","slug":"debouches","status":"publish","type":"page","link":"https:\/\/maths.univ-amu.fr\/licence-maths\/accueil\/debouches\/","title":{"rendered":"D\u00e9bouch\u00e9s"},"content":{"rendered":"\n<div class=\"wp-block-columns is-layout-flex wp-container-core-columns-is-layout-28f84493 wp-block-columns-is-layout-flex\">\n<div class=\"wp-block-column is-vertically-aligned-stretch is-style-default is-layout-flow wp-block-column-is-layout-flow\">\n<figure class=\"wp-block-image size-large\"><img loading=\"lazy\" decoding=\"async\" width=\"1024\" height=\"745\" src=\"https:\/\/maths.univ-amu.fr\/licence-maths\/wp-content\/uploads\/2026\/01\/SaintCharles1-1024x745.jpg\" alt=\"\" class=\"wp-image-55\" style=\"object-fit:cover\" srcset=\"https:\/\/maths.univ-amu.fr\/licence-maths\/wp-content\/uploads\/2026\/01\/SaintCharles1-1024x745.jpg 1024w, https:\/\/maths.univ-amu.fr\/licence-maths\/wp-content\/uploads\/2026\/01\/SaintCharles1-300x218.jpg 300w, https:\/\/maths.univ-amu.fr\/licence-maths\/wp-content\/uploads\/2026\/01\/SaintCharles1-768x559.jpg 768w, https:\/\/maths.univ-amu.fr\/licence-maths\/wp-content\/uploads\/2026\/01\/SaintCharles1.jpg 1100w\" sizes=\"auto, (max-width: 1024px) 100vw, 1024px\" \/><\/figure>\n<\/div>\n\n\n\n<div class=\"wp-block-column is-layout-flow wp-block-column-is-layout-flow\">\n<p>Pour s&rsquo;ins\u00e9rer dans le monde professionnel, la tr\u00e8s grande majorit\u00e9 des \u00e9tudiants de licence de math\u00e9matiques fait le choix d&rsquo;une poursuite d&rsquo;\u00e9tude \u00e0 bac+5, voire \u00e0 bac+8 avec un doctorat. Les <a href=\"https:\/\/www.letudiant.fr\/etudes\/fiches-diplomes\/article\/que-faire-apres-une-licence-de-mathematiques.html\" data-type=\"link\" data-id=\"https:\/\/www.letudiant.fr\/etudes\/fiches-diplomes\/article\/que-faire-apres-une-licence-de-mathematiques.html\">m\u00e9tiers possibles<\/a> sont ensuite extr\u00eamement vari\u00e9s : l\u2019enseignement, la recherche et le d\u00e9veloppement, l\u2019ing\u00e9nierie math\u00e9matique, m\u00e9tiers de la finance, de l&rsquo;actuariat, des sciences des donn\u00e9es, de l&rsquo;informatique&#8230;<\/p>\n<\/div>\n<\/div>\n\n\n\n<p>Nous pr\u00e9sentons ici une liste non exhaustive des poursuites d&rsquo;\u00e9tudes possibles apr\u00e8s une licence de math\u00e9matiques.<\/p>\n\n\n\n<p><\/p>\n\n\n\n<p class=\"has-x-large-font-size\" style=\"padding-top:0;padding-bottom:0;font-style:normal;font-weight:400\">Masters de math\u00e9matiques<\/p>\n\n\n\n<p class=\"has-large-font-size\">Il existe beaucoup de masters de math\u00e9matiques, avec des parcours vari\u00e9s. A Marseille, il en existe deux :<\/p>\n\n\n\n<ul class=\"wp-block-list\">\n<li>le master MAAP (MAth\u00e9matiques et APplications), avec un parcours pour pr\u00e9parer le concours de l&rsquo;agr\u00e9gation, et 3 parcours de master recherche : math\u00e9matiques fondamentales, math\u00e9matiques appliqu\u00e9es et math\u00e9matiques-informatique.<\/li>\n\n\n\n<li>le master MASS (Math\u00e9matiques Appliqu\u00e9es et Sciences Sociales), avec un parcours de sciences des donn\u00e9es et intelligence artificielle, un parcours de sciences actuarielles, un parcours de math\u00e9matiques appliqu\u00e9es \u00e0 la biologie et un parcours de statistiques et mod\u00e9lisation pour les sciences sociales.<\/li>\n<\/ul>\n\n\n\n<p>A la suite d&rsquo;un master en math\u00e9matiques, les \u00e9tudiants peuvent continuer en doctorat en math\u00e9matiques fondamentales ou appliqu\u00e9es.<\/p>\n\n\n\n<p class=\"has-x-large-font-size\" style=\"font-style:normal;font-weight:400\">Masters d&rsquo;enseignements<\/p>\n\n\n\n<p>Certains \u00e9tudiants se destinent aux m\u00e9tiers d&rsquo;enseignant. Ils peuvent alors passer le concours de l&rsquo;agr\u00e9gation de math\u00e9matiques \u00e0 bac+5 (que l&rsquo;on peut pr\u00e9parer dans le master MAAP). Mais ils peuvent aussi passer les concours du CAPES de math\u00e9matiques ou du CRPE (professorat des \u00e9coles) pendant l&rsquo;ann\u00e9e de L3. Pour ces 2 derniers concours, les \u00e9tudiants qui ont r\u00e9ussi le concours continuent alors en master MEE (M\u00e9tiers de l&rsquo;Enseignement et de l&rsquo;Education) tout en \u00e9tant fonctionnaires de l&rsquo;Education Nationale. <\/p>\n\n\n\n<p class=\"has-x-large-font-size\" style=\"font-style:normal;font-weight:400\">Autres masters<\/p>\n\n\n\n<p>Certains de nos \u00e9tudiants de licence continuent dans d&rsquo;autres masters que des masters de math\u00e9matiques ou des \u00e9coles sp\u00e9cialis\u00e9es, pour lesquels leurs comp\u00e9tences de raisonnement, et leurs capacit\u00e9s d&rsquo;apprentissage et d&rsquo;abstraction sont recherch\u00e9es. Voici une liste non exhaustive : masters de sciences cognitives, masters de traitement du signal, masters de finance ou d&rsquo;\u00e9conomie, masters de communication scientifique, certains parcours de masters d\u2019informatique, masters de bio-informatique, \u00e9coles de data sciences ou d\u2019actuariat&#8230;<\/p>\n\n\n\n<p>Ensuite certains de ces \u00e9tudiants effectuent un doctorat dans des th\u00e9matiques vari\u00e9es comme le traitement du signal, les sciences cognitives, la biostatistique, l&rsquo;oc\u00e9anographie, l&rsquo;informatique, les sciences des donn\u00e9es, le domaine de la sant\u00e9 publique, la m\u00e9canique, l&rsquo;acoustique, la d\u00e9mographie, l&rsquo;astrophysique.<\/p>\n\n\n\n<p class=\"has-x-large-font-size\" style=\"font-style:normal;font-weight:400\">Ecoles d&rsquo;ing\u00e9nieurs<\/p>\n\n\n\n<p class=\"has-large-font-size\">La licence de math\u00e9matiques n&rsquo;est pas la voie principale pour int\u00e9grer une \u00e9cole d&rsquo;ing\u00e9nieur, n\u00e9anmoins on peut int\u00e9grer une \u00e9cole d&rsquo;ing\u00e9nieur en fin de Licence de math\u00e9matiques. Cette poursuite d&rsquo;\u00e9tude est assez marginale par rapport aux pr\u00e9c\u00e9dentes, puisque cela concerne seulement une poign\u00e9e d&rsquo;\u00e9tudiant.es, mais chaque ann\u00e9e certains de nos \u00e9tudiants int\u00e8grent des \u00e9coles du groupe <a href=\"https:\/\/www.geiuniv.com\/\" data-type=\"link\" data-id=\"https:\/\/www.geiuniv.com\/\">GEI-UNIV<\/a>.<\/p>\n\n\n\n<p style=\"padding-top:var(--wp--preset--spacing--30);padding-bottom:var(--wp--preset--spacing--30)\"><a href=\"https:\/\/www.linkedin.com\/groups\/10143798\/\" data-type=\"link\" data-id=\"https:\/\/www.linkedin.com\/groups\/10143798\/\">Page LinkedIn des alumni de licence de math\u00e9matiques de l&rsquo;Universit\u00e9 d&rsquo;Aix-Marseille<\/a><\/p>\n\n\n\n<figure class=\"wp-block-image size-large\"><img loading=\"lazy\" decoding=\"async\" width=\"1024\" height=\"317\" src=\"https:\/\/maths.univ-amu.fr\/licence-maths\/wp-content\/uploads\/2026\/01\/Capture-de\u0301cran-2025-08-10-a\u0300-22.53.43-1024x317.jpg\" alt=\"\" class=\"wp-image-23\" srcset=\"https:\/\/maths.univ-amu.fr\/licence-maths\/wp-content\/uploads\/2026\/01\/Capture-de\u0301cran-2025-08-10-a\u0300-22.53.43-1024x317.jpg 1024w, https:\/\/maths.univ-amu.fr\/licence-maths\/wp-content\/uploads\/2026\/01\/Capture-de\u0301cran-2025-08-10-a\u0300-22.53.43-300x93.jpg 300w, https:\/\/maths.univ-amu.fr\/licence-maths\/wp-content\/uploads\/2026\/01\/Capture-de\u0301cran-2025-08-10-a\u0300-22.53.43-768x237.jpg 768w, https:\/\/maths.univ-amu.fr\/licence-maths\/wp-content\/uploads\/2026\/01\/Capture-de\u0301cran-2025-08-10-a\u0300-22.53.43-1536x475.jpg 1536w, https:\/\/maths.univ-amu.fr\/licence-maths\/wp-content\/uploads\/2026\/01\/Capture-de\u0301cran-2025-08-10-a\u0300-22.53.43.jpg 1682w\" sizes=\"auto, (max-width: 1024px) 100vw, 1024px\" \/><figcaption class=\"wp-element-caption\">Screenshot<\/figcaption><\/figure>\n\n\n\n<p><\/p>\n\n\n\n<p><\/p>\n\n\n\n<p><\/p>\n\n\n\n<p><\/p>\n","protected":false},"excerpt":{"rendered":"<p>Pour s&rsquo;ins\u00e9rer dans le monde professionnel, la tr\u00e8s grande majorit\u00e9 des \u00e9tudiants de licence de math\u00e9matiques fait le choix d&rsquo;une poursuite d&rsquo;\u00e9tude \u00e0 bac+5, voire \u00e0 bac+8 avec un doctorat. Les m\u00e9tiers possibles sont ensuite extr\u00eamement vari\u00e9s : l\u2019enseignement, la recherche et le d\u00e9veloppement, l\u2019ing\u00e9nierie math\u00e9matique, m\u00e9tiers de la finance, de l&rsquo;actuariat, des sciences des [&hellip;]<\/p>\n","protected":false},"author":2,"featured_media":0,"parent":25,"menu_order":0,"comment_status":"closed","ping_status":"closed","template":"mod-le-personnalis","meta":{"footnotes":""},"class_list":["post-19","page","type-page","status-publish","hentry"],"_links":{"self":[{"href":"https:\/\/maths.univ-amu.fr\/licence-maths\/wp-json\/wp\/v2\/pages\/19","targetHints":{"allow":["GET"]}}],"collection":[{"href":"https:\/\/maths.univ-amu.fr\/licence-maths\/wp-json\/wp\/v2\/pages"}],"about":[{"href":"https:\/\/maths.univ-amu.fr\/licence-maths\/wp-json\/wp\/v2\/types\/page"}],"author":[{"embeddable":true,"href":"https:\/\/maths.univ-amu.fr\/licence-maths\/wp-json\/wp\/v2\/users\/2"}],"replies":[{"embeddable":true,"href":"https:\/\/maths.univ-amu.fr\/licence-maths\/wp-json\/wp\/v2\/comments?post=19"}],"version-history":[{"count":15,"href":"https:\/\/maths.univ-amu.fr\/licence-maths\/wp-json\/wp\/v2\/pages\/19\/revisions"}],"predecessor-version":[{"id":291,"href":"https:\/\/maths.univ-amu.fr\/licence-maths\/wp-json\/wp\/v2\/pages\/19\/revisions\/291"}],"up":[{"embeddable":true,"href":"https:\/\/maths.univ-amu.fr\/licence-maths\/wp-json\/wp\/v2\/pages\/25"}],"wp:attachment":[{"href":"https:\/\/maths.univ-amu.fr\/licence-maths\/wp-json\/wp\/v2\/media?parent=19"}],"curies":[{"name":"wp","href":"https:\/\/api.w.org\/{rel}","templated":true}]}}